{"id":538,"date":"2022-06-24T15:37:01","date_gmt":"2022-06-24T13:37:01","guid":{"rendered":"http:\/\/veterinaire-herbault.fr\/?page_id=538"},"modified":"2022-06-24T15:37:02","modified_gmt":"2022-06-24T13:37:02","slug":"politique-de-confidentialite-2","status":"publish","type":"page","link":"https:\/\/veterinaire-herbault.fr\/index.php\/politique-de-confidentialite-2\/","title":{"rendered":"Politique de confidentialit\u00e9"},"content":{"rendered":"<!-- wp:heading--><div class=\"gridContainer\">\n<h2>Qui sommes-nous&nbsp;?<\/h2>\n<\/div><!-- \/wp:heading-->\n\n<!-- wp:paragraph--><div class=\"gridContainer\">\n<p>L\u2019adresse de notre site Web est\u00a0: http:\/\/veterinaire-herbault.fr.<\/p>\n<\/div><!-- \/wp:paragraph-->\n\n<!-- wp:spacer {\"height\":\"17px\"}--><div class=\"gridContainer\">\n<div style=\"height:17px\" aria-hidden=\"true\" class=\"wp-block-spacer\"><\/div>\n<\/div><!-- \/wp:spacer-->\n\n<!-- wp:heading--><div class=\"gridContainer\">\n<h2>Utilisation des donn\u00e9es personnelles collect\u00e9es<\/h2>\n<\/div><!-- \/wp:heading-->\n\n<!-- wp:spacer {\"height\":\"7px\"}--><div class=\"gridContainer\">\n<div style=\"height:7px\" aria-hidden=\"true\" class=\"wp-block-spacer\"><\/div>\n<\/div><!-- \/wp:spacer-->\n\n<!-- wp:heading {\"level\":3}--><div class=\"gridContainer\">\n<h3 id=\"introduction\">Introduction<\/h3>\n<\/div><!-- \/wp:heading-->\n\n<!-- wp:paragraph--><div class=\"gridContainer\">\n<p>Dans le cadre de son activit\u00e9, le site de la clinique v\u00e9t\u00e9rinaire de la Gatine est amen\u00e9e \u00e0 collecter et \u00e0 traiter des informations dont certaines sont qualifi\u00e9es de \u00ab\u00a0donn\u00e9es personnelles\u00a0\u00bb. Le respect de la vie priv\u00e9e \u00e9tant au c\u0153ur de nos pr\u00e9occupations ces donn\u00e9es sont utilis\u00e9es de mani\u00e8re responsable et confidentielle dans une finalit\u00e9 pr\u00e9cise.<\/p>\n<\/div><!-- \/wp:paragraph-->\n\n<!-- wp:spacer {\"height\":\"6px\"}--><div class=\"gridContainer\">\n<div style=\"height:6px\" aria-hidden=\"true\" class=\"wp-block-spacer\"><\/div>\n<\/div><!-- \/wp:spacer-->\n\n<!-- wp:heading {\"level\":3}--><div class=\"gridContainer\">\n<h3 id=\"donn-es-personnelles\">Donn\u00e9es personnelles<\/h3>\n<\/div><!-- \/wp:heading-->\n\n<!-- wp:paragraph--><div class=\"gridContainer\">\n<p>Sur ce site web 2 types de donn\u00e9es sont susceptibles d\u2019\u00eatre recueillies :<\/p>\n<\/div><!-- \/wp:paragraph-->\n\n<!-- wp:list--><div class=\"gridContainer\">\n<ul><li><strong>Les donn\u00e9es transmises directement<\/strong><br>Il s&rsquo;agit des donn\u00e9es que vous nous transmettez directement via un formulaire de contact ou bien par contact direct par email. Il s&rsquo;agit de votre adresse mail et \u00e9ventuellement de votre nom et pr\u00e9nom. <\/li><li><strong>Les donn\u00e9es collect\u00e9es automatiquement<\/strong><br>Le syst\u00e8me de gestion de ce site, WordPress, utilise des cookies de sessions strictement n\u00e9cessaires au bon fonctionnement du site. le cookie install\u00e9 sur le navigateur lors de la visite de ce site est wordpress_test_cookie, il est utilis\u00e9 pour v\u00e9rifier si les cookies sont activ\u00e9s pour offrir une exp\u00e9rience utilisateur appropri\u00e9e. Vous avez \u00e9galement le cookie wp-lang qui enregistre vos pr\u00e9f\u00e9rences de langue sur le site (actuellement uniquement en fran\u00e7ais). Enfin, Cookie_notice est le cookie qui v\u00e9rifie que l&rsquo;utilisateur a accept\u00e9 l&rsquo;utilisation des cookies lors de votre premi\u00e8re visite et qui garde en m\u00e9moire votre r\u00e9ponse pour vos prochaines visites.<\/li><\/ul>\n<\/div><!-- \/wp:list-->\n\n<!-- wp:spacer {\"height\":\"6px\"}--><div class=\"gridContainer\">\n<div style=\"height:6px\" aria-hidden=\"true\" class=\"wp-block-spacer\"><\/div>\n<\/div><!-- \/wp:spacer-->\n\n<!-- wp:heading {\"level\":3}--><div class=\"gridContainer\">\n<h3 id=\"utilisation-des-donn-es\">Utilisation des donn\u00e9es<\/h3>\n<\/div><!-- \/wp:heading-->\n\n<!-- wp:paragraph--><div class=\"gridContainer\">\n<p>Les donn\u00e9es que vous nous transmettez directement sont utilis\u00e9es dans le but de vous recontacter et\/ou pour r\u00e9pondre \u00e0 la demande que vous avez formul\u00e9. Les donn\u00e9es collect\u00e9es par WordPress ne sont utilis\u00e9es que pour le bon fonctionnement du site. Ces donn\u00e9es sont utilis\u00e9es par la clinique v\u00e9t\u00e9rinaire du Cissereau qui g\u00e8re le traitement des donn\u00e9es, et ne seront jamais c\u00e9d\u00e9es \u00e0 un tiers ni utilis\u00e9es \u00e0 d\u2019autres fins que celles d\u00e9taill\u00e9es ci-dessus.<\/p>\n<\/div><!-- \/wp:paragraph-->\n\n<!-- wp:spacer {\"height\":\"4px\"}--><div class=\"gridContainer\">\n<div style=\"height:4px\" aria-hidden=\"true\" class=\"wp-block-spacer\"><\/div>\n<\/div><!-- \/wp:spacer-->\n\n<!-- wp:heading {\"level\":3}--><div class=\"gridContainer\">\n<h3 id=\"base-l-gale\">Base l\u00e9gale<\/h3>\n<\/div><!-- \/wp:heading-->\n\n<!-- wp:paragraph--><div class=\"gridContainer\">\n<p>Les donn\u00e9es personnelles ne sont collect\u00e9es qu\u2019apr\u00e8s consentement obligatoire de l\u2019utilisateur. Ce consentement est valablement recueilli (boutons et cases \u00e0 cocher), libre, clair et sans \u00e9quivoque.<\/p>\n<\/div><!-- \/wp:paragraph-->\n\n<!-- wp:spacer {\"height\":\"6px\"}--><div class=\"gridContainer\">\n<div style=\"height:6px\" aria-hidden=\"true\" class=\"wp-block-spacer\"><\/div>\n<\/div><!-- \/wp:spacer-->\n\n<!-- wp:heading {\"level\":3}--><div class=\"gridContainer\">\n<h3 id=\"dur-e-de-conservation\">Dur\u00e9e de conservation<\/h3>\n<\/div><!-- \/wp:heading-->\n\n<!-- wp:paragraph--><div class=\"gridContainer\">\n<p>Les donn\u00e9es seront sauvegard\u00e9es durant la dur\u00e9e n\u00e9cessaire \u00e0 la r\u00e9ponse \u00e0 votre demande \/ requ\u00eate.<\/p>\n<\/div><!-- \/wp:paragraph-->\n\n<!-- wp:paragraph--><div class=\"gridContainer\">\n<p>Les donn\u00e9es concernant votre accord sur l&rsquo;utilisation des cookies sur le site sont sauvegard\u00e9es 3 mois.<\/p>\n<\/div><!-- \/wp:paragraph-->\n\n<!-- wp:spacer {\"height\":\"4px\"}--><div class=\"gridContainer\">\n<div style=\"height:4px\" aria-hidden=\"true\" class=\"wp-block-spacer\"><\/div>\n<\/div><!-- \/wp:spacer-->\n\n<!-- wp:heading {\"level\":3}--><div class=\"gridContainer\">\n<h3 id=\"vos-droits-concernant-les-donn-es-personnelles\">Vos droits concernant les donn\u00e9es personnelles<\/h3>\n<\/div><!-- \/wp:heading-->\n\n<!-- wp:paragraph--><div class=\"gridContainer\">\n<p>Vous avez le droit de consultation, demande de modification ou d\u2019effacement sur l\u2019ensemble de vos donn\u00e9es personnelles. Vous pouvez \u00e9galement retirer votre consentement au traitement de vos donn\u00e9es.<\/p>\n<\/div><!-- \/wp:paragraph-->\n\n<!-- wp:spacer {\"height\":\"5px\"}--><div class=\"gridContainer\">\n<div style=\"height:5px\" aria-hidden=\"true\" class=\"wp-block-spacer\"><\/div>\n<\/div><!-- \/wp:spacer-->\n\n<!-- wp:heading {\"level\":3}--><div class=\"gridContainer\">\n<h3 id=\"contact-d-l-gu-la-protection-des-donn-es\">Contact d\u00e9l\u00e9gu\u00e9 \u00e0 la protection des donn\u00e9es<\/h3>\n<\/div><!-- \/wp:heading-->\n\n<!-- wp:paragraph--><div class=\"gridContainer\">\n<p>Clinique v\u00e9t\u00e9rinaire de la Gatine<\/p>\n<\/div><!-- \/wp:paragraph-->\n\n<!-- wp:paragraph--><div class=\"gridContainer\">\n<p>2 impasse de la Valsti\u00e8re<\/p>\n<\/div><!-- \/wp:paragraph-->\n\n<!-- wp:paragraph--><div class=\"gridContainer\">\n<p>41190 Herbault<\/p>\n<\/div><!-- \/wp:paragraph-->\n\n<!-- wp:paragraph--><div class=\"gridContainer\">\n<p>02 54 78 34 42<\/p>\n<\/div><!-- \/wp:paragraph-->\n\n<!-- wp:paragraph--><div class=\"gridContainer\">\n<p>contact@veterinaire-herbault.fr<\/p>\n<\/div><!-- \/wp:paragraph-->\n\n<!-- wp:spacer {\"height\":\"4px\"}--><div class=\"gridContainer\">\n<div style=\"height:4px\" aria-hidden=\"true\" class=\"wp-block-spacer\"><\/div>\n<\/div><!-- \/wp:spacer-->\n\n<!-- wp:heading {\"level\":3}--><div class=\"gridContainer\">\n<h3>Contenu embarqu\u00e9 depuis d\u2019autres sites<\/h3>\n<\/div><!-- \/wp:heading-->\n\n<!-- wp:paragraph--><div class=\"gridContainer\">\n<p>Les articles de ce site peuvent inclure des contenus int\u00e9gr\u00e9s (par exemple des vid\u00e9os, images, articles, avis google\u2026). Le contenu int\u00e9gr\u00e9 depuis d\u2019autres sites se comporte de la m\u00eame mani\u00e8re que si le visiteur se rendait sur cet autre site.<\/p>\n<\/div><!-- \/wp:paragraph-->\n\n<!-- wp:paragraph--><div class=\"gridContainer\">\n<p>Ces sites web pourraient collecter des donn\u00e9es sur vous, utiliser des cookies, embarquer des outils de suivis tiers, suivre vos interactions avec ces contenus embarqu\u00e9s si vous disposez d\u2019un compte connect\u00e9 sur leur site web.<\/p>\n<\/div><!-- \/wp:paragraph-->\n\n<!-- wp:spacer {\"height\":\"5px\"}--><div class=\"gridContainer\">\n<div style=\"height:5px\" aria-hidden=\"true\" class=\"wp-block-spacer\"><\/div>\n<\/div><!-- \/wp:spacer-->\n\n<!-- wp:heading--><div class=\"gridContainer\">\n<h2>Informations de contact<\/h2>\n<\/div><!-- \/wp:heading-->\n\n<!-- wp:paragraph--><div class=\"gridContainer\">\n<p>Clinique v\u00e9t\u00e9rinaire de la Gatine 2 impasse de la Valsti\u00e8re 41190 Herbault<\/p>\n<\/div><!-- \/wp:paragraph-->\n\n<!-- wp:paragraph--><div class=\"gridContainer\">\n<p>T\u00e9l : 02 54 78 34 42<\/p>\n<\/div><!-- \/wp:paragraph-->","protected":false},"excerpt":{"rendered":"<p>Qui sommes-nous&nbsp;? L\u2019adresse de notre site Web est\u00a0: http:\/\/veterinaire-herbault.fr. Utilisation des donn\u00e9es personnelles collect\u00e9es Introduction Dans le cadre de son activit\u00e9, le site de la clinique v\u00e9t\u00e9rinaire de la Gatine est amen\u00e9e \u00e0 collecter et \u00e0 traiter des informations dont certaines sont qualifi\u00e9es de \u00ab\u00a0donn\u00e9es personnelles\u00a0\u00bb. Le respect de la vie priv\u00e9e \u00e9tant au c\u0153ur&nbsp;&hellip;<\/p>\n","protected":false},"author":1,"featured_media":0,"parent":0,"menu_order":0,"comment_status":"closed","ping_status":"closed","template":"","meta":{"footnotes":""},"class_list":["post-538","page","type-page","status-publish","hentry"],"yoast_head":"<!-- This site is optimized with the Yoast SEO plugin v20.13 - https:\/\/yoast.com\/wordpress\/plugins\/seo\/ -->\n<title>Politique de confidentialit\u00e9 - Clinique v\u00e9t\u00e9rinaire de la Gatine - Herbault<\/title>\n<meta name=\"robots\" content=\"index, follow, max-snippet:-1, max-image-preview:large, max-video-preview:-1\" \/>\n<link rel=\"canonical\" href=\"https:\/\/veterinaire-herbault.fr\/index.php\/politique-de-confidentialite-2\/\" \/>\n<meta property=\"og:locale\" content=\"fr_FR\" \/>\n<meta property=\"og:type\" content=\"article\" \/>\n<meta property=\"og:title\" content=\"Politique de confidentialit\u00e9 - Clinique v\u00e9t\u00e9rinaire de la Gatine - Herbault\" \/>\n<meta property=\"og:description\" content=\"Qui sommes-nous&nbsp;? L\u2019adresse de notre site Web est\u00a0: http:\/\/veterinaire-herbault.fr. Utilisation des donn\u00e9es personnelles collect\u00e9es Introduction Dans le cadre de son activit\u00e9, le site de la clinique v\u00e9t\u00e9rinaire de la Gatine est amen\u00e9e \u00e0 collecter et \u00e0 traiter des informations dont certaines sont qualifi\u00e9es de \u00ab\u00a0donn\u00e9es personnelles\u00a0\u00bb. Le respect de la vie priv\u00e9e \u00e9tant au c\u0153ur&nbsp;&hellip;\" \/>\n<meta property=\"og:url\" content=\"https:\/\/veterinaire-herbault.fr\/index.php\/politique-de-confidentialite-2\/\" \/>\n<meta property=\"og:site_name\" content=\"Clinique v\u00e9t\u00e9rinaire de la Gatine - Herbault\" \/>\n<meta property=\"article:modified_time\" content=\"2022-06-24T13:37:02+00:00\" \/>\n<meta name=\"twitter:card\" content=\"summary_large_image\" \/>\n<meta name=\"twitter:label1\" content=\"Dur\u00e9e de lecture estim\u00e9e\" \/>\n\t<meta name=\"twitter:data1\" content=\"3 minutes\" \/>\n<script type=\"application\/ld+json\" class=\"yoast-schema-graph\">{\"@context\":\"https:\/\/schema.org\",\"@graph\":[{\"@type\":\"WebPage\",\"@id\":\"https:\/\/veterinaire-herbault.fr\/index.php\/politique-de-confidentialite-2\/\",\"url\":\"https:\/\/veterinaire-herbault.fr\/index.php\/politique-de-confidentialite-2\/\",\"name\":\"Politique de confidentialit\u00e9 - Clinique v\u00e9t\u00e9rinaire de la Gatine - Herbault\",\"isPartOf\":{\"@id\":\"https:\/\/veterinaire-herbault.fr\/#website\"},\"datePublished\":\"2022-06-24T13:37:01+00:00\",\"dateModified\":\"2022-06-24T13:37:02+00:00\",\"breadcrumb\":{\"@id\":\"https:\/\/veterinaire-herbault.fr\/index.php\/politique-de-confidentialite-2\/#breadcrumb\"},\"inLanguage\":\"fr-FR\",\"potentialAction\":[{\"@type\":\"ReadAction\",\"target\":[\"https:\/\/veterinaire-herbault.fr\/index.php\/politique-de-confidentialite-2\/\"]}]},{\"@type\":\"BreadcrumbList\",\"@id\":\"https:\/\/veterinaire-herbault.fr\/index.php\/politique-de-confidentialite-2\/#breadcrumb\",\"itemListElement\":[{\"@type\":\"ListItem\",\"position\":1,\"name\":\"Accueil\",\"item\":\"https:\/\/veterinaire-herbault.fr\/\"},{\"@type\":\"ListItem\",\"position\":2,\"name\":\"Politique de confidentialit\u00e9\"}]},{\"@type\":\"WebSite\",\"@id\":\"https:\/\/veterinaire-herbault.fr\/#website\",\"url\":\"https:\/\/veterinaire-herbault.fr\/\",\"name\":\"Clinique v\u00e9t\u00e9rinaire de la Gatine - Herbault\",\"description\":\"Votre clinique v\u00e9t\u00e9rinaire\",\"potentialAction\":[{\"@type\":\"SearchAction\",\"target\":{\"@type\":\"EntryPoint\",\"urlTemplate\":\"https:\/\/veterinaire-herbault.fr\/?s={search_term_string}\"},\"query-input\":\"required name=search_term_string\"}],\"inLanguage\":\"fr-FR\"}]}<\/script>\n<!-- \/ Yoast SEO plugin. -->","yoast_head_json":{"title":"Politique de confidentialit\u00e9 - Clinique v\u00e9t\u00e9rinaire de la Gatine - Herbault","robots":{"index":"index","follow":"follow","max-snippet":"max-snippet:-1","max-image-preview":"max-image-preview:large","max-video-preview":"max-video-preview:-1"},"canonical":"https:\/\/veterinaire-herbault.fr\/index.php\/politique-de-confidentialite-2\/","og_locale":"fr_FR","og_type":"article","og_title":"Politique de confidentialit\u00e9 - Clinique v\u00e9t\u00e9rinaire de la Gatine - Herbault","og_description":"Qui sommes-nous&nbsp;? L\u2019adresse de notre site Web est\u00a0: http:\/\/veterinaire-herbault.fr. Utilisation des donn\u00e9es personnelles collect\u00e9es Introduction Dans le cadre de son activit\u00e9, le site de la clinique v\u00e9t\u00e9rinaire de la Gatine est amen\u00e9e \u00e0 collecter et \u00e0 traiter des informations dont certaines sont qualifi\u00e9es de \u00ab\u00a0donn\u00e9es personnelles\u00a0\u00bb. Le respect de la vie priv\u00e9e \u00e9tant au c\u0153ur&nbsp;&hellip;","og_url":"https:\/\/veterinaire-herbault.fr\/index.php\/politique-de-confidentialite-2\/","og_site_name":"Clinique v\u00e9t\u00e9rinaire de la Gatine - Herbault","article_modified_time":"2022-06-24T13:37:02+00:00","twitter_card":"summary_large_image","twitter_misc":{"Dur\u00e9e de lecture estim\u00e9e":"3 minutes"},"schema":{"@context":"https:\/\/schema.org","@graph":[{"@type":"WebPage","@id":"https:\/\/veterinaire-herbault.fr\/index.php\/politique-de-confidentialite-2\/","url":"https:\/\/veterinaire-herbault.fr\/index.php\/politique-de-confidentialite-2\/","name":"Politique de confidentialit\u00e9 - Clinique v\u00e9t\u00e9rinaire de la Gatine - Herbault","isPartOf":{"@id":"https:\/\/veterinaire-herbault.fr\/#website"},"datePublished":"2022-06-24T13:37:01+00:00","dateModified":"2022-06-24T13:37:02+00:00","breadcrumb":{"@id":"https:\/\/veterinaire-herbault.fr\/index.php\/politique-de-confidentialite-2\/#breadcrumb"},"inLanguage":"fr-FR","potentialAction":[{"@type":"ReadAction","target":["https:\/\/veterinaire-herbault.fr\/index.php\/politique-de-confidentialite-2\/"]}]},{"@type":"BreadcrumbList","@id":"https:\/\/veterinaire-herbault.fr\/index.php\/politique-de-confidentialite-2\/#breadcrumb","itemListElement":[{"@type":"ListItem","position":1,"name":"Accueil","item":"https:\/\/veterinaire-herbault.fr\/"},{"@type":"ListItem","position":2,"name":"Politique de confidentialit\u00e9"}]},{"@type":"WebSite","@id":"https:\/\/veterinaire-herbault.fr\/#website","url":"https:\/\/veterinaire-herbault.fr\/","name":"Clinique v\u00e9t\u00e9rinaire de la Gatine - Herbault","description":"Votre clinique v\u00e9t\u00e9rinaire","potentialAction":[{"@type":"SearchAction","target":{"@type":"EntryPoint","urlTemplate":"https:\/\/veterinaire-herbault.fr\/?s={search_term_string}"},"query-input":"required name=search_term_string"}],"inLanguage":"fr-FR"}]}},"_links":{"self":[{"href":"https:\/\/veterinaire-herbault.fr\/index.php\/wp-json\/wp\/v2\/pages\/538","targetHints":{"allow":["GET"]}}],"collection":[{"href":"https:\/\/veterinaire-herbault.fr\/index.php\/wp-json\/wp\/v2\/pages"}],"about":[{"href":"https:\/\/veterinaire-herbault.fr\/index.php\/wp-json\/wp\/v2\/types\/page"}],"author":[{"embeddable":true,"href":"https:\/\/veterinaire-herbault.fr\/index.php\/wp-json\/wp\/v2\/users\/1"}],"replies":[{"embeddable":true,"href":"https:\/\/veterinaire-herbault.fr\/index.php\/wp-json\/wp\/v2\/comments?post=538"}],"version-history":[{"count":6,"href":"https:\/\/veterinaire-herbault.fr\/index.php\/wp-json\/wp\/v2\/pages\/538\/revisions"}],"predecessor-version":[{"id":708,"href":"https:\/\/veterinaire-herbault.fr\/index.php\/wp-json\/wp\/v2\/pages\/538\/revisions\/708"}],"wp:attachment":[{"href":"https:\/\/veterinaire-herbault.fr\/index.php\/wp-json\/wp\/v2\/media?parent=538"}],"curies":[{"name":"wp","href":"https:\/\/api.w.org\/{rel}","templated":true}]}}