{"id":3,"date":"2019-10-15T20:35:14","date_gmt":"2019-10-15T18:35:14","guid":{"rendered":"http:\/\/veterinaire-herbault.fr\/?page_id=3"},"modified":"2022-01-24T16:40:06","modified_gmt":"2022-01-24T15:40:06","slug":"politique-de-confidentialite","status":"publish","type":"page","link":"https:\/\/veterinaire-herbault.fr\/index.php\/politique-de-confidentialite\/","title":{"rendered":"Mentions l\u00e9gales"},"content":{"rendered":"<!-- wp:heading--><div class=\"gridContainer\">\n<h2>Informations g\u00e9n\u00e9rales<\/h2>\n<\/div><!-- \/wp:heading-->\n\n<!-- wp:paragraph--><div class=\"gridContainer\">\n<p>SELARL de la Gatine<\/p>\n<\/div><!-- \/wp:paragraph-->\n\n<!-- wp:paragraph--><div class=\"gridContainer\">\n<p>Cabinet v\u00e9t\u00e9rinaire <\/p>\n<\/div><!-- \/wp:paragraph-->\n\n<!-- wp:paragraph--><div class=\"gridContainer\">\n<p>2 Impasse de la Valsti\u00e8re<\/p>\n<\/div><!-- \/wp:paragraph-->\n\n<!-- wp:paragraph--><div class=\"gridContainer\">\n<p>41190 Herbault<\/p>\n<\/div><!-- \/wp:paragraph-->\n\n<!-- wp:paragraph--><div class=\"gridContainer\">\n<p>T\u00e9l : 02 54 78 34 42<\/p>\n<\/div><!-- \/wp:paragraph-->\n\n<!-- wp:paragraph--><div class=\"gridContainer\">\n<p>mail : contact@veterinaire-herbault.fr<\/p>\n<\/div><!-- \/wp:paragraph-->\n\n<!-- wp:paragraph--><div class=\"gridContainer\">\n<p>SIREN : 790489025<\/p>\n<\/div><!-- \/wp:paragraph-->\n\n<!-- wp:heading--><div class=\"gridContainer\">\n<h2>Publications<\/h2>\n<\/div><!-- \/wp:heading-->\n\n<!-- wp:paragraph--><div class=\"gridContainer\">\n<p>Responsable de la publication : Camille Morin<\/p>\n<\/div><!-- \/wp:paragraph-->\n\n<!-- wp:heading--><div class=\"gridContainer\">\n<h2>R\u00e9alisation<\/h2>\n<\/div><!-- \/wp:heading-->\n\n<!-- wp:paragraph--><div class=\"gridContainer\">\n<p>Ce site web a \u00e9t\u00e9 r\u00e9alis\u00e9 par la SELARL de la Gatine 2 Impasse de la Valsti\u00e8re 41190 Herbault T\u00e9l : 02 54 78 34 42<\/p>\n<\/div><!-- \/wp:paragraph-->\n\n<!-- wp:heading--><div class=\"gridContainer\">\n<h2>H\u00e9bergement<\/h2>\n<\/div><!-- \/wp:heading-->\n\n<!-- wp:paragraph--><div class=\"gridContainer\">\n<p>Ce site web est h\u00e9berg\u00e9 par la soci\u00e9t\u00e9 OVH 2 rue Kellermann &#8211; 59100 Roubaix &#8211; France<\/p>\n<\/div><!-- \/wp:paragraph-->\n\n<!-- wp:paragraph--><div class=\"gridContainer\">\n<p>T\u00e9l : 08 203 203 63<\/p>\n<\/div><!-- \/wp:paragraph-->\n\n<!-- wp:paragraph--><div class=\"gridContainer\">\n<p>Site Internet : www.ovh.com<\/p>\n<\/div><!-- \/wp:paragraph-->\n\n<!-- wp:heading--><div class=\"gridContainer\">\n<h2>Conditions d&rsquo;utilisation<\/h2>\n<\/div><!-- \/wp:heading-->\n\n<!-- wp:paragraph--><div class=\"gridContainer\">\n<p>L&rsquo;ensemble de ce site rel\u00e8ve de la l\u00e9gislation fran\u00e7aise et internationale sur le droit d&rsquo;auteur et la propri\u00e9t\u00e9 intellectuelle. Tous les droits de reproduction sont r\u00e9serv\u00e9s, y compris pour les documents t\u00e9l\u00e9chargeables et les repr\u00e9sentations iconographiques et photographiques. Le contenu est, sauf mention contraire, la propri\u00e9t\u00e9 de la Clinique v\u00e9t\u00e9rinaire de la Gatine. La reproduction de tout ou partie de ce site, sous quelques formes que ce soit est interdite.<\/p>\n<\/div><!-- \/wp:paragraph-->","protected":false},"excerpt":{"rendered":"<p>Informations g\u00e9n\u00e9rales SELARL de la Gatine Cabinet v\u00e9t\u00e9rinaire 2 Impasse de la Valsti\u00e8re 41190 Herbault T\u00e9l : 02 54 78 34 42 mail : contact@veterinaire-herbault.fr SIREN : 790489025 Publications Responsable de la publication : Camille Morin R\u00e9alisation Ce site web a \u00e9t\u00e9 r\u00e9alis\u00e9 par la SELARL de la Gatine 2 Impasse de la Valsti\u00e8re 41190&nbsp;&hellip;<\/p>\n","protected":false},"author":1,"featured_media":0,"parent":0,"menu_order":0,"comment_status":"closed","ping_status":"open","template":"","meta":{"footnotes":""},"class_list":["post-3","page","type-page","status-publish","hentry"],"yoast_head":"<!-- This site is optimized with the Yoast SEO plugin v20.13 - https:\/\/yoast.com\/wordpress\/plugins\/seo\/ -->\n<title>Mentions l\u00e9gales - Clinique v\u00e9t\u00e9rinaire de la Gatine - Herbault<\/title>\n<meta name=\"description\" content=\"Mentions l\u00e9gales du site de la clinique v\u00e9t\u00e9rinaire de la Gatine \u00e0 Herbault\" \/>\n<meta name=\"robots\" content=\"index, follow, max-snippet:-1, max-image-preview:large, max-video-preview:-1\" \/>\n<link rel=\"canonical\" href=\"https:\/\/veterinaire-herbault.fr\/index.php\/politique-de-confidentialite\/\" \/>\n<meta property=\"og:locale\" content=\"fr_FR\" \/>\n<meta property=\"og:type\" content=\"article\" \/>\n<meta property=\"og:title\" content=\"Mentions l\u00e9gales - Clinique v\u00e9t\u00e9rinaire de la Gatine - Herbault\" \/>\n<meta property=\"og:description\" content=\"Mentions l\u00e9gales du site de la clinique v\u00e9t\u00e9rinaire de la Gatine \u00e0 Herbault\" \/>\n<meta property=\"og:url\" content=\"https:\/\/veterinaire-herbault.fr\/index.php\/politique-de-confidentialite\/\" \/>\n<meta property=\"og:site_name\" content=\"Clinique v\u00e9t\u00e9rinaire de la Gatine - Herbault\" \/>\n<meta property=\"article:modified_time\" content=\"2022-01-24T15:40:06+00:00\" \/>\n<meta name=\"twitter:card\" content=\"summary_large_image\" \/>\n<meta name=\"twitter:label1\" content=\"Dur\u00e9e de lecture estim\u00e9e\" \/>\n\t<meta name=\"twitter:data1\" content=\"1 minute\" \/>\n<script type=\"application\/ld+json\" class=\"yoast-schema-graph\">{\"@context\":\"https:\/\/schema.org\",\"@graph\":[{\"@type\":\"WebPage\",\"@id\":\"https:\/\/veterinaire-herbault.fr\/index.php\/politique-de-confidentialite\/\",\"url\":\"https:\/\/veterinaire-herbault.fr\/index.php\/politique-de-confidentialite\/\",\"name\":\"Mentions l\u00e9gales - Clinique v\u00e9t\u00e9rinaire de la Gatine - Herbault\",\"isPartOf\":{\"@id\":\"https:\/\/veterinaire-herbault.fr\/#website\"},\"datePublished\":\"2019-10-15T18:35:14+00:00\",\"dateModified\":\"2022-01-24T15:40:06+00:00\",\"description\":\"Mentions l\u00e9gales du site de la clinique v\u00e9t\u00e9rinaire de la Gatine \u00e0 Herbault\",\"breadcrumb\":{\"@id\":\"https:\/\/veterinaire-herbault.fr\/index.php\/politique-de-confidentialite\/#breadcrumb\"},\"inLanguage\":\"fr-FR\",\"potentialAction\":[{\"@type\":\"ReadAction\",\"target\":[\"https:\/\/veterinaire-herbault.fr\/index.php\/politique-de-confidentialite\/\"]}]},{\"@type\":\"BreadcrumbList\",\"@id\":\"https:\/\/veterinaire-herbault.fr\/index.php\/politique-de-confidentialite\/#breadcrumb\",\"itemListElement\":[{\"@type\":\"ListItem\",\"position\":1,\"name\":\"Accueil\",\"item\":\"https:\/\/veterinaire-herbault.fr\/\"},{\"@type\":\"ListItem\",\"position\":2,\"name\":\"Mentions l\u00e9gales\"}]},{\"@type\":\"WebSite\",\"@id\":\"https:\/\/veterinaire-herbault.fr\/#website\",\"url\":\"https:\/\/veterinaire-herbault.fr\/\",\"name\":\"Clinique v\u00e9t\u00e9rinaire de la Gatine - Herbault\",\"description\":\"Votre clinique v\u00e9t\u00e9rinaire\",\"potentialAction\":[{\"@type\":\"SearchAction\",\"target\":{\"@type\":\"EntryPoint\",\"urlTemplate\":\"https:\/\/veterinaire-herbault.fr\/?s={search_term_string}\"},\"query-input\":\"required name=search_term_string\"}],\"inLanguage\":\"fr-FR\"}]}<\/script>\n<!-- \/ Yoast SEO plugin. -->","yoast_head_json":{"title":"Mentions l\u00e9gales - Clinique v\u00e9t\u00e9rinaire de la Gatine - Herbault","description":"Mentions l\u00e9gales du site de la clinique v\u00e9t\u00e9rinaire de la Gatine \u00e0 Herbault","robots":{"index":"index","follow":"follow","max-snippet":"max-snippet:-1","max-image-preview":"max-image-preview:large","max-video-preview":"max-video-preview:-1"},"canonical":"https:\/\/veterinaire-herbault.fr\/index.php\/politique-de-confidentialite\/","og_locale":"fr_FR","og_type":"article","og_title":"Mentions l\u00e9gales - Clinique v\u00e9t\u00e9rinaire de la Gatine - Herbault","og_description":"Mentions l\u00e9gales du site de la clinique v\u00e9t\u00e9rinaire de la Gatine \u00e0 Herbault","og_url":"https:\/\/veterinaire-herbault.fr\/index.php\/politique-de-confidentialite\/","og_site_name":"Clinique v\u00e9t\u00e9rinaire de la Gatine - Herbault","article_modified_time":"2022-01-24T15:40:06+00:00","twitter_card":"summary_large_image","twitter_misc":{"Dur\u00e9e de lecture estim\u00e9e":"1 minute"},"schema":{"@context":"https:\/\/schema.org","@graph":[{"@type":"WebPage","@id":"https:\/\/veterinaire-herbault.fr\/index.php\/politique-de-confidentialite\/","url":"https:\/\/veterinaire-herbault.fr\/index.php\/politique-de-confidentialite\/","name":"Mentions l\u00e9gales - Clinique v\u00e9t\u00e9rinaire de la Gatine - Herbault","isPartOf":{"@id":"https:\/\/veterinaire-herbault.fr\/#website"},"datePublished":"2019-10-15T18:35:14+00:00","dateModified":"2022-01-24T15:40:06+00:00","description":"Mentions l\u00e9gales du site de la clinique v\u00e9t\u00e9rinaire de la Gatine \u00e0 Herbault","breadcrumb":{"@id":"https:\/\/veterinaire-herbault.fr\/index.php\/politique-de-confidentialite\/#breadcrumb"},"inLanguage":"fr-FR","potentialAction":[{"@type":"ReadAction","target":["https:\/\/veterinaire-herbault.fr\/index.php\/politique-de-confidentialite\/"]}]},{"@type":"BreadcrumbList","@id":"https:\/\/veterinaire-herbault.fr\/index.php\/politique-de-confidentialite\/#breadcrumb","itemListElement":[{"@type":"ListItem","position":1,"name":"Accueil","item":"https:\/\/veterinaire-herbault.fr\/"},{"@type":"ListItem","position":2,"name":"Mentions l\u00e9gales"}]},{"@type":"WebSite","@id":"https:\/\/veterinaire-herbault.fr\/#website","url":"https:\/\/veterinaire-herbault.fr\/","name":"Clinique v\u00e9t\u00e9rinaire de la Gatine - Herbault","description":"Votre clinique v\u00e9t\u00e9rinaire","potentialAction":[{"@type":"SearchAction","target":{"@type":"EntryPoint","urlTemplate":"https:\/\/veterinaire-herbault.fr\/?s={search_term_string}"},"query-input":"required name=search_term_string"}],"inLanguage":"fr-FR"}]}},"_links":{"self":[{"href":"https:\/\/veterinaire-herbault.fr\/index.php\/wp-json\/wp\/v2\/pages\/3","targetHints":{"allow":["GET"]}}],"collection":[{"href":"https:\/\/veterinaire-herbault.fr\/index.php\/wp-json\/wp\/v2\/pages"}],"about":[{"href":"https:\/\/veterinaire-herbault.fr\/index.php\/wp-json\/wp\/v2\/types\/page"}],"author":[{"embeddable":true,"href":"https:\/\/veterinaire-herbault.fr\/index.php\/wp-json\/wp\/v2\/users\/1"}],"replies":[{"embeddable":true,"href":"https:\/\/veterinaire-herbault.fr\/index.php\/wp-json\/wp\/v2\/comments?post=3"}],"version-history":[{"count":7,"href":"https:\/\/veterinaire-herbault.fr\/index.php\/wp-json\/wp\/v2\/pages\/3\/revisions"}],"predecessor-version":[{"id":628,"href":"https:\/\/veterinaire-herbault.fr\/index.php\/wp-json\/wp\/v2\/pages\/3\/revisions\/628"}],"wp:attachment":[{"href":"https:\/\/veterinaire-herbault.fr\/index.php\/wp-json\/wp\/v2\/media?parent=3"}],"curies":[{"name":"wp","href":"https:\/\/api.w.org\/{rel}","templated":true}]}}