{"id":217,"date":"2019-11-22T15:24:52","date_gmt":"2019-11-22T14:24:52","guid":{"rendered":"http:\/\/veterinaire-herbault.fr\/?page_id=217"},"modified":"2026-02-26T10:38:31","modified_gmt":"2026-02-26T09:38:31","slug":"nos-tarifs","status":"publish","type":"page","link":"https:\/\/veterinaire-herbault.fr\/index.php\/clinique-veterinaire-herbaut\/nos-tarifs\/","title":{"rendered":"Nos tarifs"},"content":{"rendered":"<!-- wp:heading--><div class=\"gridContainer\">\n<h2 class=\"wp-block-heading\">Nos tarifs<\/h2>\n<\/div><!-- \/wp:heading-->\n\n<!-- wp:heading {\"level\":4}--><div class=\"gridContainer\">\n<h4 class=\"wp-block-heading\">Vous trouverez ici les tarifs de la clinique v\u00e9t\u00e9rinaire d&rsquo;Herbault concernant les consultations, vaccins, pose de puce et chirurgies de convenance (st\u00e9rilisation, castration&#8230;). Pour une intervention particuli\u00e8re, vous pouvez \u00e9galement nous demander un devis personnalis\u00e9 en cliquant sur le bouton ci-dessous.<\/h4>\n<\/div><!-- \/wp:heading-->\n\n<!-- wp:button {\"className\":\"aligncenter\"}--><div class=\"gridContainer\">\n<div class=\"wp-block-button aligncenter\"><a class=\"wp-block-button__link wp-element-button\" href=\"http:\/\/veterinaire-herbault.fr\/index.php\/demander-un-devis\/\">Demander un devis <\/a><\/div>\n<\/div><!-- \/wp:button-->\n\n<!-- wp:columns {\"className\":\"has-3-columns colonnes\"}--><div class=\"gridContainer\">\n<div class=\"wp-block-columns has-3-columns colonnes\"><!-- wp:column--><div class=\"gridContainer\">\n<div class=\"wp-block-column\"><!-- wp:button {\"className\":\"aligncenter is-style-outline\"}--><div class=\"gridContainer\">\n<div class=\"wp-block-button aligncenter is-style-outline\"><a class=\"wp-block-button__link wp-element-button\" href=\"#chat\">CHAT<\/a><\/div>\n<\/div><!-- \/wp:button-->\n\n<!-- wp:paragraph--><div class=\"gridContainer\">\n<p><\/p>\n<\/div><!-- \/wp:paragraph--><\/div>\n<\/div><!-- \/wp:column-->\n\n<!-- wp:column--><div class=\"gridContainer\">\n<div class=\"wp-block-column\"><!-- wp:button {\"className\":\"aligncenter is-style-outline\"}--><div class=\"gridContainer\">\n<div class=\"wp-block-button aligncenter is-style-outline\"><a class=\"wp-block-button__link wp-element-button\" href=\"#chien\">CHIEN<\/a><\/div>\n<\/div><!-- \/wp:button-->\n\n<!-- wp:paragraph--><div class=\"gridContainer\">\n<p><\/p>\n<\/div><!-- \/wp:paragraph--><\/div>\n<\/div><!-- \/wp:column-->\n\n<!-- wp:column--><div class=\"gridContainer\">\n<div class=\"wp-block-column\"><!-- wp:button {\"className\":\"aligncenter is-style-outline\"}--><div class=\"gridContainer\">\n<div class=\"wp-block-button aligncenter is-style-outline\"><a class=\"wp-block-button__link wp-element-button\" href=\"#nac\">NAC<\/a><\/div>\n<\/div><!-- \/wp:button--><\/div>\n<\/div><!-- \/wp:column--><\/div>\n<\/div><!-- \/wp:columns-->\n\n<!-- wp:heading {\"level\":3}--><div class=\"gridContainer\">\n<h3 class=\"wp-block-heading\" id=\"chat\">Tarifs pour les chats<\/h3>\n<\/div><!-- \/wp:heading-->\n\n<!-- wp:paragraph--><div class=\"gridContainer\">\n<p>Consultation : \u00e0 partir de 46.50 \u20ac<\/p>\n<\/div><!-- \/wp:paragraph-->\n\n<!-- wp:paragraph--><div class=\"gridContainer\">\n<p>Pose de puce + consultation : \u00e0 partir de 114 \u20ac<\/p>\n<\/div><!-- \/wp:paragraph-->\n\n<!-- wp:paragraph--><div class=\"gridContainer\">\n<p>Vaccins Typhus Coryza : 59.50 \u20ac (consultation comprise)<\/p>\n<\/div><!-- \/wp:paragraph-->\n\n<!-- wp:paragraph--><div class=\"gridContainer\">\n<p>Vaccins Typhus Coryza Leucose : 79 \u20ac (consultation comprise)<\/p>\n<\/div><!-- \/wp:paragraph-->\n\n<!-- wp:paragraph--><div class=\"gridContainer\">\n<p>Castration : \u00e0 partir de 72.5 \u20ac<\/p>\n<\/div><!-- \/wp:paragraph-->\n\n<!-- wp:paragraph--><div class=\"gridContainer\">\n<p>St\u00e9rilisation : \u00e0 partir de 148.50 \u20ac<\/p>\n<\/div><!-- \/wp:paragraph-->\n\n<!-- wp:paragraph--><div class=\"gridContainer\">\n<p><\/p>\n<\/div><!-- \/wp:paragraph-->\n\n<!-- wp:heading {\"level\":3}--><div class=\"gridContainer\">\n<h3 class=\"wp-block-heading\" id=\"chien\">Tarifs pour les chiens<\/h3>\n<\/div><!-- \/wp:heading-->\n\n<!-- wp:paragraph--><div class=\"gridContainer\">\n<p>Consultation : \u00e0 partir de 46.5 \u20ac<\/p>\n<\/div><!-- \/wp:paragraph-->\n\n<!-- wp:paragraph--><div class=\"gridContainer\">\n<p>Pose de puce + consultation : \u00e0 partir de 114 \u20ac<\/p>\n<\/div><!-- \/wp:paragraph-->\n\n<!-- wp:paragraph--><div class=\"gridContainer\">\n<p>Vaccins : \u00e0 partir de 62 \u20ac (consultation comprise)<\/p>\n<\/div><!-- \/wp:paragraph-->\n\n<!-- wp:paragraph--><div class=\"gridContainer\">\n<p>Castration chien &lt;10kg : \u00e0 partir de 200.25\u20ac<\/p>\n<\/div><!-- \/wp:paragraph-->\n\n<!-- wp:paragraph--><div class=\"gridContainer\">\n<p>Castration chien de 10 \u00e0 25 kg : \u00e0 partir de 254.20\u20ac<\/p>\n<\/div><!-- \/wp:paragraph-->\n\n<!-- wp:paragraph--><div class=\"gridContainer\">\n<p>Castration chien de 26 \u00e0 35kg : \u00e0 partir de 299.65\u20ac<\/p>\n<\/div><!-- \/wp:paragraph-->\n\n<!-- wp:paragraph--><div class=\"gridContainer\">\n<p>St\u00e9rilisation chienne &lt;10kg : \u00e0 partir de 314.15\u20ac<\/p>\n<\/div><!-- \/wp:paragraph-->\n\n<!-- wp:paragraph--><div class=\"gridContainer\">\n<p>St\u00e9rilisation chienne de 10 \u00e0 25 kg : \u00e0 partir de 414.25\u20ac<\/p>\n<\/div><!-- \/wp:paragraph-->\n\n<!-- wp:paragraph--><div class=\"gridContainer\">\n<p>St\u00e9rilisation chienne de 26 \u00e0 35 kg : \u00e0 partir de 469.15\u20ac<\/p>\n<\/div><!-- \/wp:paragraph-->\n\n<!-- wp:paragraph--><div class=\"gridContainer\">\n<p>St\u00e9rilisation chienne de 36 \u00e0 50 kg : \u00e0 partir de 581.85\u20ac (voire plus si tr\u00e8s gros chien)<\/p>\n<\/div><!-- \/wp:paragraph-->\n\n<!-- wp:paragraph--><div class=\"gridContainer\">\n<p><\/p>\n<\/div><!-- \/wp:paragraph-->\n\n<!-- wp:heading {\"level\":3}--><div class=\"gridContainer\">\n<h3 class=\"wp-block-heading\" id=\"nac\">Tarifs pour les NAC<\/h3>\n<\/div><!-- \/wp:heading-->\n\n<!-- wp:paragraph--><div class=\"gridContainer\">\n<p>Consultation : \u00e0 partir de 35 \u20ac<\/p>\n<\/div><!-- \/wp:paragraph-->\n\n<!-- wp:paragraph--><div class=\"gridContainer\">\n<p>Pose de puce + consultation : \u00e0 partir de 114 \u20ac<\/p>\n<\/div><!-- \/wp:paragraph-->\n\n<!-- wp:paragraph--><div class=\"gridContainer\">\n<p>Vaccins lapins : \u00e0 partir de 46 \u20ac (consultation comprise)<\/p>\n<\/div><!-- \/wp:paragraph-->\n\n<!-- wp:paragraph--><div class=\"gridContainer\">\n<p>Vaccins furets : \u00e0 partir de 60.5 \u20ac (consultation comprise)<\/p>\n<\/div><!-- \/wp:paragraph-->\n\n<!-- wp:paragraph--><div class=\"gridContainer\">\n<p>Castration : \u00e0 partir de 147.55\u20ac (avec consultation pr\u00e9 chirurgie)<\/p>\n<\/div><!-- \/wp:paragraph-->\n\n<!-- wp:paragraph--><div class=\"gridContainer\">\n<p>St\u00e9rilisation : \u00e0 partir de 206.95\u20ac (avec consultation pr\u00e9 chirurgie)<\/p>\n<\/div><!-- \/wp:paragraph-->\n\n<!-- wp:paragraph--><div class=\"gridContainer\">\n<p><\/p>\n<\/div><!-- \/wp:paragraph-->","protected":false},"excerpt":{"rendered":"<p>Nos tarifs Vous trouverez ici les tarifs de la clinique v\u00e9t\u00e9rinaire d&rsquo;Herbault concernant les consultations, vaccins, pose de puce et chirurgies de convenance (st\u00e9rilisation, castration&#8230;). Pour une intervention particuli\u00e8re, vous pouvez \u00e9galement nous demander un devis personnalis\u00e9 en cliquant sur le bouton ci-dessous. Tarifs pour les chats Consultation : \u00e0 partir de 46.50 \u20ac Pose&nbsp;&hellip;<\/p>\n","protected":false},"author":1,"featured_media":0,"parent":9,"menu_order":0,"comment_status":"closed","ping_status":"closed","template":"page-templates\/homepage.php","meta":{"footnotes":""},"class_list":["post-217","page","type-page","status-publish","hentry"],"yoast_head":"<!-- This site is optimized with the Yoast SEO plugin v20.13 - https:\/\/yoast.com\/wordpress\/plugins\/seo\/ -->\n<title>Nos tarifs - Clinique v\u00e9t\u00e9rinaire de la Gatine - Herbault<\/title>\n<meta name=\"description\" content=\"Consultations, vaccins, st\u00e9rilisation, d\u00e9couvrez les tarifs de la clinique v\u00e9t\u00e9rinaire d&#039;herbault. Vous pouvez \u00e9galement demander un devis personnalis\u00e9.\" \/>\n<meta name=\"robots\" content=\"index, follow, max-snippet:-1, max-image-preview:large, max-video-preview:-1\" \/>\n<link rel=\"canonical\" href=\"https:\/\/veterinaire-herbault.fr\/index.php\/clinique-veterinaire-herbaut\/nos-tarifs\/\" \/>\n<meta property=\"og:locale\" content=\"fr_FR\" \/>\n<meta property=\"og:type\" content=\"article\" \/>\n<meta property=\"og:title\" content=\"Nos tarifs - Clinique v\u00e9t\u00e9rinaire de la Gatine - Herbault\" \/>\n<meta property=\"og:description\" content=\"Consultations, vaccins, st\u00e9rilisation, d\u00e9couvrez les tarifs de la clinique v\u00e9t\u00e9rinaire d&#039;herbault. Vous pouvez \u00e9galement demander un devis personnalis\u00e9.\" \/>\n<meta property=\"og:url\" content=\"https:\/\/veterinaire-herbault.fr\/index.php\/clinique-veterinaire-herbaut\/nos-tarifs\/\" \/>\n<meta property=\"og:site_name\" content=\"Clinique v\u00e9t\u00e9rinaire de la Gatine - Herbault\" \/>\n<meta property=\"article:modified_time\" content=\"2026-02-26T09:38:31+00:00\" \/>\n<meta name=\"twitter:card\" content=\"summary_large_image\" \/>\n<meta name=\"twitter:label1\" content=\"Dur\u00e9e de lecture estim\u00e9e\" \/>\n\t<meta name=\"twitter:data1\" content=\"2 minutes\" \/>\n<script type=\"application\/ld+json\" class=\"yoast-schema-graph\">{\"@context\":\"https:\/\/schema.org\",\"@graph\":[{\"@type\":\"WebPage\",\"@id\":\"https:\/\/veterinaire-herbault.fr\/index.php\/clinique-veterinaire-herbaut\/nos-tarifs\/\",\"url\":\"https:\/\/veterinaire-herbault.fr\/index.php\/clinique-veterinaire-herbaut\/nos-tarifs\/\",\"name\":\"Nos tarifs - Clinique v\u00e9t\u00e9rinaire de la Gatine - Herbault\",\"isPartOf\":{\"@id\":\"https:\/\/veterinaire-herbault.fr\/#website\"},\"datePublished\":\"2019-11-22T14:24:52+00:00\",\"dateModified\":\"2026-02-26T09:38:31+00:00\",\"description\":\"Consultations, vaccins, st\u00e9rilisation, d\u00e9couvrez les tarifs de la clinique v\u00e9t\u00e9rinaire d'herbault. Vous pouvez \u00e9galement demander un devis personnalis\u00e9.\",\"breadcrumb\":{\"@id\":\"https:\/\/veterinaire-herbault.fr\/index.php\/clinique-veterinaire-herbaut\/nos-tarifs\/#breadcrumb\"},\"inLanguage\":\"fr-FR\",\"potentialAction\":[{\"@type\":\"ReadAction\",\"target\":[\"https:\/\/veterinaire-herbault.fr\/index.php\/clinique-veterinaire-herbaut\/nos-tarifs\/\"]}]},{\"@type\":\"BreadcrumbList\",\"@id\":\"https:\/\/veterinaire-herbault.fr\/index.php\/clinique-veterinaire-herbaut\/nos-tarifs\/#breadcrumb\",\"itemListElement\":[{\"@type\":\"ListItem\",\"position\":1,\"name\":\"Accueil\",\"item\":\"http:\/\/veterinaire-herbault.fr\/\"},{\"@type\":\"ListItem\",\"position\":2,\"name\":\"Clinique V\u00e9t\u00e9rinaire d&rsquo;Herbault\",\"item\":\"http:\/\/veterinaire-herbault.fr\/\"},{\"@type\":\"ListItem\",\"position\":3,\"name\":\"Nos tarifs\"}]},{\"@type\":\"WebSite\",\"@id\":\"https:\/\/veterinaire-herbault.fr\/#website\",\"url\":\"https:\/\/veterinaire-herbault.fr\/\",\"name\":\"Clinique v\u00e9t\u00e9rinaire de la Gatine - Herbault\",\"description\":\"Votre clinique v\u00e9t\u00e9rinaire\",\"potentialAction\":[{\"@type\":\"SearchAction\",\"target\":{\"@type\":\"EntryPoint\",\"urlTemplate\":\"https:\/\/veterinaire-herbault.fr\/?s={search_term_string}\"},\"query-input\":\"required name=search_term_string\"}],\"inLanguage\":\"fr-FR\"}]}<\/script>\n<!-- \/ Yoast SEO plugin. -->","yoast_head_json":{"title":"Nos tarifs - Clinique v\u00e9t\u00e9rinaire de la Gatine - Herbault","description":"Consultations, vaccins, st\u00e9rilisation, d\u00e9couvrez les tarifs de la clinique v\u00e9t\u00e9rinaire d'herbault. Vous pouvez \u00e9galement demander un devis personnalis\u00e9.","robots":{"index":"index","follow":"follow","max-snippet":"max-snippet:-1","max-image-preview":"max-image-preview:large","max-video-preview":"max-video-preview:-1"},"canonical":"https:\/\/veterinaire-herbault.fr\/index.php\/clinique-veterinaire-herbaut\/nos-tarifs\/","og_locale":"fr_FR","og_type":"article","og_title":"Nos tarifs - Clinique v\u00e9t\u00e9rinaire de la Gatine - Herbault","og_description":"Consultations, vaccins, st\u00e9rilisation, d\u00e9couvrez les tarifs de la clinique v\u00e9t\u00e9rinaire d'herbault. Vous pouvez \u00e9galement demander un devis personnalis\u00e9.","og_url":"https:\/\/veterinaire-herbault.fr\/index.php\/clinique-veterinaire-herbaut\/nos-tarifs\/","og_site_name":"Clinique v\u00e9t\u00e9rinaire de la Gatine - Herbault","article_modified_time":"2026-02-26T09:38:31+00:00","twitter_card":"summary_large_image","twitter_misc":{"Dur\u00e9e de lecture estim\u00e9e":"2 minutes"},"schema":{"@context":"https:\/\/schema.org","@graph":[{"@type":"WebPage","@id":"https:\/\/veterinaire-herbault.fr\/index.php\/clinique-veterinaire-herbaut\/nos-tarifs\/","url":"https:\/\/veterinaire-herbault.fr\/index.php\/clinique-veterinaire-herbaut\/nos-tarifs\/","name":"Nos tarifs - Clinique v\u00e9t\u00e9rinaire de la Gatine - Herbault","isPartOf":{"@id":"https:\/\/veterinaire-herbault.fr\/#website"},"datePublished":"2019-11-22T14:24:52+00:00","dateModified":"2026-02-26T09:38:31+00:00","description":"Consultations, vaccins, st\u00e9rilisation, d\u00e9couvrez les tarifs de la clinique v\u00e9t\u00e9rinaire d'herbault. Vous pouvez \u00e9galement demander un devis personnalis\u00e9.","breadcrumb":{"@id":"https:\/\/veterinaire-herbault.fr\/index.php\/clinique-veterinaire-herbaut\/nos-tarifs\/#breadcrumb"},"inLanguage":"fr-FR","potentialAction":[{"@type":"ReadAction","target":["https:\/\/veterinaire-herbault.fr\/index.php\/clinique-veterinaire-herbaut\/nos-tarifs\/"]}]},{"@type":"BreadcrumbList","@id":"https:\/\/veterinaire-herbault.fr\/index.php\/clinique-veterinaire-herbaut\/nos-tarifs\/#breadcrumb","itemListElement":[{"@type":"ListItem","position":1,"name":"Accueil","item":"http:\/\/veterinaire-herbault.fr\/"},{"@type":"ListItem","position":2,"name":"Clinique V\u00e9t\u00e9rinaire d&rsquo;Herbault","item":"http:\/\/veterinaire-herbault.fr\/"},{"@type":"ListItem","position":3,"name":"Nos tarifs"}]},{"@type":"WebSite","@id":"https:\/\/veterinaire-herbault.fr\/#website","url":"https:\/\/veterinaire-herbault.fr\/","name":"Clinique v\u00e9t\u00e9rinaire de la Gatine - Herbault","description":"Votre clinique v\u00e9t\u00e9rinaire","potentialAction":[{"@type":"SearchAction","target":{"@type":"EntryPoint","urlTemplate":"https:\/\/veterinaire-herbault.fr\/?s={search_term_string}"},"query-input":"required name=search_term_string"}],"inLanguage":"fr-FR"}]}},"_links":{"self":[{"href":"https:\/\/veterinaire-herbault.fr\/index.php\/wp-json\/wp\/v2\/pages\/217","targetHints":{"allow":["GET"]}}],"collection":[{"href":"https:\/\/veterinaire-herbault.fr\/index.php\/wp-json\/wp\/v2\/pages"}],"about":[{"href":"https:\/\/veterinaire-herbault.fr\/index.php\/wp-json\/wp\/v2\/types\/page"}],"author":[{"embeddable":true,"href":"https:\/\/veterinaire-herbault.fr\/index.php\/wp-json\/wp\/v2\/users\/1"}],"replies":[{"embeddable":true,"href":"https:\/\/veterinaire-herbault.fr\/index.php\/wp-json\/wp\/v2\/comments?post=217"}],"version-history":[{"count":38,"href":"https:\/\/veterinaire-herbault.fr\/index.php\/wp-json\/wp\/v2\/pages\/217\/revisions"}],"predecessor-version":[{"id":1184,"href":"https:\/\/veterinaire-herbault.fr\/index.php\/wp-json\/wp\/v2\/pages\/217\/revisions\/1184"}],"up":[{"embeddable":true,"href":"https:\/\/veterinaire-herbault.fr\/index.php\/wp-json\/wp\/v2\/pages\/9"}],"wp:attachment":[{"href":"https:\/\/veterinaire-herbault.fr\/index.php\/wp-json\/wp\/v2\/media?parent=217"}],"curies":[{"name":"wp","href":"https:\/\/api.w.org\/{rel}","templated":true}]}}