{"id":391,"date":"2020-01-08T10:04:45","date_gmt":"2020-01-08T09:04:45","guid":{"rendered":"http:\/\/veterinaire-herbault.fr\/?page_id=391"},"modified":"2020-01-23T10:33:54","modified_gmt":"2020-01-23T09:33:54","slug":"demander-un-devis-veterinaire-herbault","status":"publish","type":"page","link":"http:\/\/veterinaire-herbault.fr\/index.php\/demander-un-devis-veterinaire-herbault\/","title":{"rendered":"Demander un devis"},"content":{"rendered":"<!-- wp:heading {\"level\":4}--><div class=\"gridContainer\">\n<h4>Vous souhaitez avoir un devis personnalis\u00e9 pour une intervention particuli\u00e8re ?<\/h4>\n<\/div><!-- \/wp:heading-->\n\n<!-- wp:heading {\"level\":4}--><div class=\"gridContainer\">\n<h4>Faites votre demande via le formulaire ci-dessous et nous vous recontacterons sous peu.<\/h4>\n<\/div><!-- \/wp:heading-->\n\n<!-- wp:shortcode--><div class=\"gridContainer\">\n\n<div class=\"wpcf7 no-js\" id=\"wpcf7-f393-o1\" lang=\"fr-FR\" dir=\"ltr\">\n<div class=\"screen-reader-response\"><p role=\"status\" aria-live=\"polite\" aria-atomic=\"true\"><\/p> <ul><\/ul><\/div>\n<form action=\"\/index.php\/wp-json\/wp\/v2\/pages\/391#wpcf7-f393-o1\" method=\"post\" class=\"wpcf7-form init\" aria-label=\"Formulaire de contact\" novalidate=\"novalidate\" data-status=\"init\">\n<div style=\"display: none;\">\n<input type=\"hidden\" name=\"_wpcf7\" value=\"393\" \/>\n<input type=\"hidden\" name=\"_wpcf7_version\" value=\"5.7.7\" \/>\n<input type=\"hidden\" name=\"_wpcf7_locale\" value=\"fr_FR\" \/>\n<input type=\"hidden\" name=\"_wpcf7_unit_tag\" value=\"wpcf7-f393-o1\" \/>\n<input type=\"hidden\" name=\"_wpcf7_container_post\" value=\"0\" \/>\n<input type=\"hidden\" name=\"_wpcf7_posted_data_hash\" value=\"\" \/>\n<\/div>\n<p><label> Votre nom (obligatoire)<br \/>\n<span class=\"wpcf7-form-control-wrap\" data-name=\"your-name\"><input size=\"40\" class=\"wpcf7-form-control wpcf7-text wpcf7-validates-as-required\" aria-required=\"true\" aria-invalid=\"false\" value=\"\" type=\"text\" name=\"your-name\" \/><\/span> <\/label>\n<\/p>\n<p><label> Votre adresse de messagerie (obligatoire)<br \/>\n<span class=\"wpcf7-form-control-wrap\" data-name=\"your-email\"><input size=\"40\" class=\"wpcf7-form-control wpcf7-text wpcf7-email wpcf7-validates-as-required wpcf7-validates-as-email\" aria-required=\"true\" aria-invalid=\"false\" value=\"\" type=\"email\" name=\"your-email\" \/><\/span> <\/label>\n<\/p>\n<p><label> Type d'intervention (obligatoire)<br \/>\n<span class=\"wpcf7-form-control-wrap\" data-name=\"Typedintervention\"><select class=\"wpcf7-form-control wpcf7-select wpcf7-validates-as-required\" aria-required=\"true\" aria-invalid=\"false\" multiple=\"multiple\" name=\"Typedintervention[]\"><option value=\"Chirurgie\">Chirurgie<\/option><option value=\"Imagerie m\u00e9dicale\">Imagerie m\u00e9dicale<\/option><option value=\"Analyses\">Analyses<\/option><option value=\"Autres\">Autres<\/option><\/select><\/span><\/label>\n<\/p>\n<p><label> Votre message<br \/>\n<span class=\"wpcf7-form-control-wrap\" data-name=\"your-message\"><textarea cols=\"40\" rows=\"10\" class=\"wpcf7-form-control wpcf7-textarea\" aria-invalid=\"false\" name=\"your-message\"><\/textarea><\/span> <\/label>\n<\/p>\n<p><span class=\"wpcf7-form-control-wrap\" data-name=\"Gestiondesdonnespersonnelles\"><span class=\"wpcf7-form-control wpcf7-checkbox wpcf7-validates-as-required\"><span class=\"wpcf7-list-item first last\"><label><input type=\"checkbox\" name=\"Gestiondesdonnespersonnelles[]\" value=\"En cochant cette case, j\u2019accepte la Politique de confidentialit\u00e9 de ce site\" \/><span class=\"wpcf7-list-item-label\">En cochant cette case, j\u2019accepte la Politique de confidentialit\u00e9 de ce site<\/span><\/label><\/span><\/span><\/span>\n<\/p>\n<p><input class=\"wpcf7-form-control has-spinner wpcf7-submit\" type=\"submit\" value=\"Envoyer\" \/>\n<\/p><div class=\"wpcf7-response-output\" aria-hidden=\"true\"><\/div>\n<\/form>\n<\/div>\n\n<\/div><!-- \/wp:shortcode-->","protected":false},"excerpt":{"rendered":"<p>Vous souhaitez avoir un devis personnalis\u00e9 pour une intervention particuli\u00e8re ? Faites votre demande via le formulaire ci-dessous et nous vous recontacterons sous peu.<\/p>\n","protected":false},"author":1,"featured_media":0,"parent":0,"menu_order":0,"comment_status":"closed","ping_status":"closed","template":"","meta":{"footnotes":""},"class_list":["post-391","page","type-page","status-publish","hentry"],"yoast_head":"<!-- This site is optimized with the Yoast SEO plugin v20.13 - https:\/\/yoast.com\/wordpress\/plugins\/seo\/ -->\n<title>Demander un devis - Clinique v\u00e9t\u00e9rinaire de la Gatine - Herbault<\/title>\n<meta name=\"description\" content=\"Vous souhaitez savoir le prix d&#039;un intervention particuli\u00e8re ? Demandez votre devis personnalis\u00e9 \u00e0 la clinique v\u00e9t\u00e9rinaire d&#039;Herbault.\" \/>\n<meta name=\"robots\" content=\"index, follow, max-snippet:-1, max-image-preview:large, max-video-preview:-1\" \/>\n<link rel=\"canonical\" href=\"http:\/\/veterinaire-herbault.fr\/index.php\/demander-un-devis-veterinaire-herbault\/\" \/>\n<meta property=\"og:locale\" content=\"fr_FR\" \/>\n<meta property=\"og:type\" content=\"article\" \/>\n<meta property=\"og:title\" content=\"Demander un devis - Clinique v\u00e9t\u00e9rinaire de la Gatine - Herbault\" \/>\n<meta property=\"og:description\" content=\"Vous souhaitez savoir le prix d&#039;un intervention particuli\u00e8re ? Demandez votre devis personnalis\u00e9 \u00e0 la clinique v\u00e9t\u00e9rinaire d&#039;Herbault.\" \/>\n<meta property=\"og:url\" content=\"http:\/\/veterinaire-herbault.fr\/index.php\/demander-un-devis-veterinaire-herbault\/\" \/>\n<meta property=\"og:site_name\" content=\"Clinique v\u00e9t\u00e9rinaire de la Gatine - Herbault\" \/>\n<meta property=\"article:modified_time\" content=\"2020-01-23T09:33:54+00:00\" \/>\n<meta name=\"twitter:card\" content=\"summary_large_image\" \/>\n<script type=\"application\/ld+json\" class=\"yoast-schema-graph\">{\"@context\":\"https:\/\/schema.org\",\"@graph\":[{\"@type\":\"WebPage\",\"@id\":\"http:\/\/veterinaire-herbault.fr\/index.php\/demander-un-devis-veterinaire-herbault\/\",\"url\":\"http:\/\/veterinaire-herbault.fr\/index.php\/demander-un-devis-veterinaire-herbault\/\",\"name\":\"Demander un devis - Clinique v\u00e9t\u00e9rinaire de la Gatine - Herbault\",\"isPartOf\":{\"@id\":\"https:\/\/veterinaire-herbault.fr\/#website\"},\"datePublished\":\"2020-01-08T09:04:45+00:00\",\"dateModified\":\"2020-01-23T09:33:54+00:00\",\"description\":\"Vous souhaitez savoir le prix d'un intervention particuli\u00e8re ? Demandez votre devis personnalis\u00e9 \u00e0 la clinique v\u00e9t\u00e9rinaire d'Herbault.\",\"breadcrumb\":{\"@id\":\"http:\/\/veterinaire-herbault.fr\/index.php\/demander-un-devis-veterinaire-herbault\/#breadcrumb\"},\"inLanguage\":\"fr-FR\",\"potentialAction\":[{\"@type\":\"ReadAction\",\"target\":[\"http:\/\/veterinaire-herbault.fr\/index.php\/demander-un-devis-veterinaire-herbault\/\"]}]},{\"@type\":\"BreadcrumbList\",\"@id\":\"http:\/\/veterinaire-herbault.fr\/index.php\/demander-un-devis-veterinaire-herbault\/#breadcrumb\",\"itemListElement\":[{\"@type\":\"ListItem\",\"position\":1,\"name\":\"Accueil\",\"item\":\"http:\/\/veterinaire-herbault.fr\/\"},{\"@type\":\"ListItem\",\"position\":2,\"name\":\"Demander un devis\"}]},{\"@type\":\"WebSite\",\"@id\":\"https:\/\/veterinaire-herbault.fr\/#website\",\"url\":\"https:\/\/veterinaire-herbault.fr\/\",\"name\":\"Clinique v\u00e9t\u00e9rinaire de la Gatine - Herbault\",\"description\":\"Votre clinique v\u00e9t\u00e9rinaire\",\"potentialAction\":[{\"@type\":\"SearchAction\",\"target\":{\"@type\":\"EntryPoint\",\"urlTemplate\":\"https:\/\/veterinaire-herbault.fr\/?s={search_term_string}\"},\"query-input\":\"required name=search_term_string\"}],\"inLanguage\":\"fr-FR\"}]}<\/script>\n<!-- \/ Yoast SEO plugin. -->","yoast_head_json":{"title":"Demander un devis - Clinique v\u00e9t\u00e9rinaire de la Gatine - Herbault","description":"Vous souhaitez savoir le prix d'un intervention particuli\u00e8re ? Demandez votre devis personnalis\u00e9 \u00e0 la clinique v\u00e9t\u00e9rinaire d'Herbault.","robots":{"index":"index","follow":"follow","max-snippet":"max-snippet:-1","max-image-preview":"max-image-preview:large","max-video-preview":"max-video-preview:-1"},"canonical":"http:\/\/veterinaire-herbault.fr\/index.php\/demander-un-devis-veterinaire-herbault\/","og_locale":"fr_FR","og_type":"article","og_title":"Demander un devis - Clinique v\u00e9t\u00e9rinaire de la Gatine - Herbault","og_description":"Vous souhaitez savoir le prix d'un intervention particuli\u00e8re ? Demandez votre devis personnalis\u00e9 \u00e0 la clinique v\u00e9t\u00e9rinaire d'Herbault.","og_url":"http:\/\/veterinaire-herbault.fr\/index.php\/demander-un-devis-veterinaire-herbault\/","og_site_name":"Clinique v\u00e9t\u00e9rinaire de la Gatine - Herbault","article_modified_time":"2020-01-23T09:33:54+00:00","twitter_card":"summary_large_image","schema":{"@context":"https:\/\/schema.org","@graph":[{"@type":"WebPage","@id":"http:\/\/veterinaire-herbault.fr\/index.php\/demander-un-devis-veterinaire-herbault\/","url":"http:\/\/veterinaire-herbault.fr\/index.php\/demander-un-devis-veterinaire-herbault\/","name":"Demander un devis - Clinique v\u00e9t\u00e9rinaire de la Gatine - Herbault","isPartOf":{"@id":"https:\/\/veterinaire-herbault.fr\/#website"},"datePublished":"2020-01-08T09:04:45+00:00","dateModified":"2020-01-23T09:33:54+00:00","description":"Vous souhaitez savoir le prix d'un intervention particuli\u00e8re ? Demandez votre devis personnalis\u00e9 \u00e0 la clinique v\u00e9t\u00e9rinaire d'Herbault.","breadcrumb":{"@id":"http:\/\/veterinaire-herbault.fr\/index.php\/demander-un-devis-veterinaire-herbault\/#breadcrumb"},"inLanguage":"fr-FR","potentialAction":[{"@type":"ReadAction","target":["http:\/\/veterinaire-herbault.fr\/index.php\/demander-un-devis-veterinaire-herbault\/"]}]},{"@type":"BreadcrumbList","@id":"http:\/\/veterinaire-herbault.fr\/index.php\/demander-un-devis-veterinaire-herbault\/#breadcrumb","itemListElement":[{"@type":"ListItem","position":1,"name":"Accueil","item":"http:\/\/veterinaire-herbault.fr\/"},{"@type":"ListItem","position":2,"name":"Demander un devis"}]},{"@type":"WebSite","@id":"https:\/\/veterinaire-herbault.fr\/#website","url":"https:\/\/veterinaire-herbault.fr\/","name":"Clinique v\u00e9t\u00e9rinaire de la Gatine - Herbault","description":"Votre clinique v\u00e9t\u00e9rinaire","potentialAction":[{"@type":"SearchAction","target":{"@type":"EntryPoint","urlTemplate":"https:\/\/veterinaire-herbault.fr\/?s={search_term_string}"},"query-input":"required name=search_term_string"}],"inLanguage":"fr-FR"}]}},"_links":{"self":[{"href":"http:\/\/veterinaire-herbault.fr\/index.php\/wp-json\/wp\/v2\/pages\/391","targetHints":{"allow":["GET"]}}],"collection":[{"href":"http:\/\/veterinaire-herbault.fr\/index.php\/wp-json\/wp\/v2\/pages"}],"about":[{"href":"http:\/\/veterinaire-herbault.fr\/index.php\/wp-json\/wp\/v2\/types\/page"}],"author":[{"embeddable":true,"href":"http:\/\/veterinaire-herbault.fr\/index.php\/wp-json\/wp\/v2\/users\/1"}],"replies":[{"embeddable":true,"href":"http:\/\/veterinaire-herbault.fr\/index.php\/wp-json\/wp\/v2\/comments?post=391"}],"version-history":[{"count":3,"href":"http:\/\/veterinaire-herbault.fr\/index.php\/wp-json\/wp\/v2\/pages\/391\/revisions"}],"predecessor-version":[{"id":396,"href":"http:\/\/veterinaire-herbault.fr\/index.php\/wp-json\/wp\/v2\/pages\/391\/revisions\/396"}],"wp:attachment":[{"href":"http:\/\/veterinaire-herbault.fr\/index.php\/wp-json\/wp\/v2\/media?parent=391"}],"curies":[{"name":"wp","href":"https:\/\/api.w.org\/{rel}","templated":true}]}}